{"id":66,"date":"2020-04-08T14:32:09","date_gmt":"2020-04-08T12:32:09","guid":{"rendered":"http:\/\/www.nrv-radio.fr\/nrv-radio\/?page_id=66"},"modified":"2025-12-22T10:53:12","modified_gmt":"2025-12-22T09:53:12","slug":"le-groupe-du-mois","status":"publish","type":"page","link":"https:\/\/nrv-radio.fr\/?page_id=66","title":{"rendered":"Artistes rock"},"content":{"rendered":"\t\t<div data-elementor-type=\"wp-page\" data-elementor-id=\"66\" class=\"elementor elementor-66\">\n\t\t\t\t\t\t<section class=\"elementor-section elementor-top-section elementor-element elementor-element-2fcf77f elementor-section-boxed elementor-section-height-default elementor-section-height-default\" data-id=\"2fcf77f\" data-element_type=\"section\" data-e-type=\"section\">\n\t\t\t\t\t\t<div class=\"elementor-container elementor-column-gap-default\">\n\t\t\t\t\t<div class=\"elementor-column elementor-col-100 elementor-top-column elementor-element elementor-element-aef45c2\" data-id=\"aef45c2\" data-element_type=\"column\" data-e-type=\"column\">\n\t\t\t<div class=\"elementor-widget-wrap elementor-element-populated\">\n\t\t\t\t\t\t<div class=\"elementor-element elementor-element-000cb55 elementor-widget-divider--view-line_icon elementor-view-default elementor-widget-divider--element-align-center elementor-invisible elementor-widget elementor-widget-divider\" data-id=\"000cb55\" data-element_type=\"widget\" data-e-type=\"widget\" data-settings=\"{&quot;_animation&quot;:&quot;fadeInRight&quot;}\" data-widget_type=\"divider.default\">\n\t\t\t\t<div class=\"elementor-widget-container\">\n\t\t\t\t\t\t\t<div class=\"elementor-divider\">\n\t\t\t<span class=\"elementor-divider-separator\">\n\t\t\t\t\t\t\t<div class=\"elementor-icon elementor-divider__element\">\n\t\t\t\t\t<i aria-hidden=\"true\" class=\"fas fa-volume-up\"><\/i><\/div>\n\t\t\t\t\t\t<\/span>\n\t\t<\/div>\n\t\t\t\t\t\t<\/div>\n\t\t\t\t<\/div>\n\t\t\t\t\t<\/div>\n\t\t<\/div>\n\t\t\t\t\t<\/div>\n\t\t<\/section>\n\t\t\t\t<section class=\"elementor-section elementor-top-section elementor-element elementor-element-2edad46 elementor-section-boxed elementor-section-height-default elementor-section-height-default\" data-id=\"2edad46\" data-element_type=\"section\" data-e-type=\"section\">\n\t\t\t\t\t\t<div class=\"elementor-container elementor-column-gap-default\">\n\t\t\t\t\t<div class=\"elementor-column elementor-col-100 elementor-top-column elementor-element elementor-element-97eefe7\" data-id=\"97eefe7\" data-element_type=\"column\" data-e-type=\"column\">\n\t\t\t<div class=\"elementor-widget-wrap elementor-element-populated\">\n\t\t\t\t\t\t<div class=\"elementor-element elementor-element-fe1bbe8 elementor-invisible elementor-widget elementor-widget-heading\" data-id=\"fe1bbe8\" data-element_type=\"widget\" data-e-type=\"widget\" data-settings=\"{&quot;_animation&quot;:&quot;slideInDown&quot;}\" data-widget_type=\"heading.default\">\n\t\t\t\t<div class=\"elementor-widget-container\">\n\t\t\t\t\t<h2 class=\"elementor-heading-title elementor-size-default\">Artiste DE MEDICIS<\/h2>\t\t\t\t<\/div>\n\t\t\t\t<\/div>\n\t\t\t\t\t<\/div>\n\t\t<\/div>\n\t\t\t\t\t<\/div>\n\t\t<\/section>\n\t\t\t\t<section class=\"elementor-section elementor-top-section elementor-element elementor-element-ed54ffd elementor-section-full_width elementor-section-height-default elementor-section-height-default\" data-id=\"ed54ffd\" data-element_type=\"section\" data-e-type=\"section\" data-settings=\"{&quot;background_background&quot;:&quot;classic&quot;}\">\n\t\t\t\t\t\t<div class=\"elementor-container elementor-column-gap-default\">\n\t\t\t\t\t<div class=\"elementor-column elementor-col-100 elementor-top-column elementor-element elementor-element-36962c6\" data-id=\"36962c6\" data-element_type=\"column\" data-e-type=\"column\" data-settings=\"{&quot;background_background&quot;:&quot;classic&quot;}\">\n\t\t\t<div class=\"elementor-widget-wrap elementor-element-populated\">\n\t\t\t\t\t<div class=\"elementor-background-overlay\"><\/div>\n\t\t\t\t\t\t<div class=\"elementor-element elementor-element-cfb80f9 animated-slow elementor-drop-cap-yes elementor-widget__width-inherit elementor-drop-cap-view-default elementor-invisible elementor-widget elementor-widget-text-editor\" data-id=\"cfb80f9\" data-element_type=\"widget\" data-e-type=\"widget\" data-settings=\"{&quot;_animation&quot;:&quot;zoomInLeft&quot;,&quot;drop_cap&quot;:&quot;yes&quot;}\" data-widget_type=\"text-editor.default\">\n\t\t\t\t<div class=\"elementor-widget-container\">\n\t\t\t\t\t\t\t\t\t<p style=\"text-align: left;\">\u00a0<\/p><p><span style=\"background-color: rgba(8, 3, 19, 0);\"><span style=\"font-family: helvetica, arial, sans-serif;\">Formation originaire de Grenoble compos\u00e9e de J\u00e9r\u00f4me \u00ab\u00a0Jej\u00a0\u00bb Planchenault <\/span><\/span><span style=\"font-family: helvetica, arial, sans-serif;\">(chant, basse), Jean\u2010Michel Rindone (chant, guitare) et Japy Lo Pinto (batterie, <\/span><span style=\"font-family: helvetica, arial, sans-serif;\">percussions, ch\u0153urs), s&rsquo;inscrit dans la tradition des groupes de rock n\u00e9s dans les <\/span><span style=\"font-family: helvetica, arial, sans-serif;\">ann\u00e9es 90 des suites du mouvement punk tout en revendiquant \u00e9galement des <\/span><span style=\"font-family: helvetica, arial, sans-serif;\">influences plus anciennes telles que T.Rex, Bowie, les Stones ou encore Lou Reed.<\/span><\/p><p><span style=\"font-family: helvetica, arial, sans-serif;\">Si les arrangements de leurs chansons t\u00e9moignent d\u2019une forme de tristesse <\/span><span style=\"font-family: helvetica, arial, sans-serif;\">\u00e9corch\u00e9e, clairement h\u00e9rit\u00e9e du post punk, le trio fleurte \u00e9galement avec la pop \u00e0 <\/span><span style=\"font-family: helvetica, arial, sans-serif;\">travers des m\u00e9lodies subtiles.<\/span><\/p><p><span style=\"font-family: helvetica, arial, sans-serif;\">De Medicis, consciemment ou non, rev\u00eat \u00e9galement une forme de \u00ab\u00a0dandysme rock\u00a0\u00bb <\/span><span style=\"font-family: helvetica, arial, sans-serif;\">notamment, dans ce timbre de voix typique, un brin nonchalant que l&rsquo;on retrouve <\/span><span style=\"font-family: helvetica, arial, sans-serif;\">chez Dominic Sonic ou Jad Wio.<\/span><\/p><p><span style=\"font-family: helvetica, arial, sans-serif;\">Le 20 mars 2026, sur toutes les plateformes de streaming, le label Candy <\/span><span style=\"font-family: helvetica, arial, sans-serif;\">Crockodile sortira une \u00e9dition remasteris\u00e9e (par Japy Lo Pinto lui\u2010m\u00eame) de <\/span><span style=\"font-family: helvetica, arial, sans-serif;\">l\u2019album \u00e9ponyme de De Medicis (dont la pochette originale a \u00e9t\u00e9 cr\u00e9\u00e9e par <\/span><span style=\"font-family: helvetica, arial, sans-serif;\">Gn\u00f4me) enregistr\u00e9 et mix\u00e9 par Bruno Donini au Studio Square \u00e0 Bruxelles et sorti <\/span><span style=\"font-family: helvetica, arial, sans-serif;\">sur le mythique label parisien New Rose Records au printemps 91.<\/span><\/p><p><span style=\"font-family: helvetica, arial, sans-serif;\">Les titres \u00ab\u00a0Strange\u00a0\u00bb (The Soft Boys) et \u00ab\u00a0Les enfants de la R\u00e9volution\u00a0\u00bb (adaptation <\/span><span style=\"font-family: helvetica, arial, sans-serif;\">en fran\u00e7ais de \u00ab\u00a0Children Of The Revolution\u00a0\u00bb de T.Rex) cl\u00f4turent cet album.<\/span><\/p>\t\t\t\t\t\t\t\t<\/div>\n\t\t\t\t<\/div>\n\t\t\t\t<div class=\"elementor-element elementor-element-9efb94d elementor-widget-divider--view-line_icon animated-slow elementor-view-default elementor-widget-divider--element-align-center elementor-invisible elementor-widget elementor-widget-divider\" data-id=\"9efb94d\" data-element_type=\"widget\" data-e-type=\"widget\" data-settings=\"{&quot;_animation&quot;:&quot;zoomInDown&quot;}\" data-widget_type=\"divider.default\">\n\t\t\t\t<div class=\"elementor-widget-container\">\n\t\t\t\t\t\t\t<div class=\"elementor-divider\">\n\t\t\t<span class=\"elementor-divider-separator\">\n\t\t\t\t\t\t\t<div class=\"elementor-icon elementor-divider__element\">\n\t\t\t\t\t<i aria-hidden=\"true\" class=\"fas fa-guitar\"><\/i><\/div>\n\t\t\t\t\t\t<\/span>\n\t\t<\/div>\n\t\t\t\t\t\t<\/div>\n\t\t\t\t<\/div>\n\t\t\t\t<div class=\"elementor-element elementor-element-5d6dd85 elementor-widget elementor-widget-video\" data-id=\"5d6dd85\" data-element_type=\"widget\" data-e-type=\"widget\" data-settings=\"{&quot;youtube_url&quot;:&quot;https:\\\/\\\/youtu.be\\\/BshCYrsKpbU?si=4DzeCQdAilssAZvi&quot;,&quot;video_type&quot;:&quot;youtube&quot;,&quot;controls&quot;:&quot;yes&quot;}\" data-widget_type=\"video.default\">\n\t\t\t\t<div class=\"elementor-widget-container\">\n\t\t\t\t\t\t\t<div class=\"elementor-wrapper elementor-open-inline\">\n\t\t\t<div class=\"elementor-video\"><\/div>\t\t<\/div>\n\t\t\t\t\t\t<\/div>\n\t\t\t\t<\/div>\n\t\t\t\t\t<\/div>\n\t\t<\/div>\n\t\t\t\t\t<\/div>\n\t\t<\/section>\n\t\t\t\t<section class=\"elementor-section elementor-top-section elementor-element elementor-element-aeaf716 elementor-section-boxed elementor-section-height-default elementor-section-height-default\" data-id=\"aeaf716\" data-element_type=\"section\" data-e-type=\"section\">\n\t\t\t\t\t\t<div class=\"elementor-container elementor-column-gap-default\">\n\t\t\t\t\t\t<\/div>\n\t\t<\/section>\n\t\t\t\t<\/div>\n\t\t","protected":false},"excerpt":{"rendered":"<p>Artiste DE MEDICIS \u00a0 Formation originaire de Grenoble compos\u00e9e de J\u00e9r\u00f4me \u00ab\u00a0Jej\u00a0\u00bb Planchenault (chant, basse), Jean\u2010Michel Rindone (chant, guitare) et Japy Lo [&hellip;]<\/p>\n","protected":false},"author":1,"featured_media":0,"parent":0,"menu_order":0,"comment_status":"closed","ping_status":"closed","template":"elementor_header_footer","meta":{"footnotes":""},"class_list":["post-66","page","type-page","status-publish","hentry"],"yoast_head":"<!-- This site is optimized with the Yoast SEO plugin v27.5 - https:\/\/yoast.com\/product\/yoast-seo-wordpress\/ -->\n<title>Artistes rock - NRV RADIO<\/title>\n<meta name=\"description\" content=\"D\u00e9couvrez tous les groupes et artistes rock en promotion et diffusion sur NRV radio depuis 2014 ! Des artistes locaux, r\u00e9gionaux, fran\u00e7ais et mondiaux !\" \/>\n<meta name=\"robots\" content=\"index, follow, max-snippet:-1, max-image-preview:large, max-video-preview:-1\" \/>\n<link rel=\"canonical\" href=\"https:\/\/nrv-radio.fr\/?page_id=66\" \/>\n<meta property=\"og:locale\" content=\"fr_FR\" \/>\n<meta property=\"og:type\" content=\"article\" \/>\n<meta property=\"og:title\" content=\"Artistes rock - NRV RADIO\" \/>\n<meta property=\"og:description\" content=\"D\u00e9couvrez tous les groupes et artistes rock en promotion et diffusion sur NRV radio depuis 2014 ! Des artistes locaux, r\u00e9gionaux, fran\u00e7ais et mondiaux !\" \/>\n<meta property=\"og:url\" content=\"https:\/\/nrv-radio.fr\/?page_id=66\" \/>\n<meta property=\"og:site_name\" content=\"NRV RADIO\" \/>\n<meta property=\"article:publisher\" content=\"https:\/\/www.facebook.com\/NRV-Radio-1504915366423756\" \/>\n<meta property=\"article:modified_time\" content=\"2025-12-22T09:53:12+00:00\" \/>\n<meta name=\"twitter:card\" content=\"summary_large_image\" \/>\n<meta name=\"twitter:label1\" content=\"Dur\u00e9e de lecture estim\u00e9e\" \/>\n\t<meta name=\"twitter:data1\" content=\"2 minutes\" \/>\n<script type=\"application\/ld+json\" class=\"yoast-schema-graph\">{\"@context\":\"https:\\\/\\\/schema.org\",\"@graph\":[{\"@type\":\"WebPage\",\"@id\":\"https:\\\/\\\/nrv-radio.fr\\\/?page_id=66\",\"url\":\"https:\\\/\\\/nrv-radio.fr\\\/?page_id=66\",\"name\":\"Artistes rock - NRV RADIO\",\"isPartOf\":{\"@id\":\"https:\\\/\\\/nrv-radio.fr\\\/#website\"},\"datePublished\":\"2020-04-08T12:32:09+00:00\",\"dateModified\":\"2025-12-22T09:53:12+00:00\",\"description\":\"D\u00e9couvrez tous les groupes et artistes rock en promotion et diffusion sur NRV radio depuis 2014 ! Des artistes locaux, r\u00e9gionaux, fran\u00e7ais et mondiaux !\",\"breadcrumb\":{\"@id\":\"https:\\\/\\\/nrv-radio.fr\\\/?page_id=66#breadcrumb\"},\"inLanguage\":\"fr-FR\",\"potentialAction\":[{\"@type\":\"ReadAction\",\"target\":[\"https:\\\/\\\/nrv-radio.fr\\\/?page_id=66\"]}]},{\"@type\":\"BreadcrumbList\",\"@id\":\"https:\\\/\\\/nrv-radio.fr\\\/?page_id=66#breadcrumb\",\"itemListElement\":[{\"@type\":\"ListItem\",\"position\":1,\"name\":\"Accueil\",\"item\":\"https:\\\/\\\/nrv-radio.fr\\\/\"},{\"@type\":\"ListItem\",\"position\":2,\"name\":\"Artistes rock\"}]},{\"@type\":\"WebSite\",\"@id\":\"https:\\\/\\\/nrv-radio.fr\\\/#website\",\"url\":\"https:\\\/\\\/nrv-radio.fr\\\/\",\"name\":\"NRV RADIO\",\"description\":\"Le meilleur du son rock\",\"potentialAction\":[{\"@type\":\"SearchAction\",\"target\":{\"@type\":\"EntryPoint\",\"urlTemplate\":\"https:\\\/\\\/nrv-radio.fr\\\/?s={search_term_string}\"},\"query-input\":{\"@type\":\"PropertyValueSpecification\",\"valueRequired\":true,\"valueName\":\"search_term_string\"}}],\"inLanguage\":\"fr-FR\"}]}<\/script>\n<!-- \/ Yoast SEO plugin. -->","yoast_head_json":{"title":"Artistes rock - NRV RADIO","description":"D\u00e9couvrez tous les groupes et artistes rock en promotion et diffusion sur NRV radio depuis 2014 ! Des artistes locaux, r\u00e9gionaux, fran\u00e7ais et mondiaux !","robots":{"index":"index","follow":"follow","max-snippet":"max-snippet:-1","max-image-preview":"max-image-preview:large","max-video-preview":"max-video-preview:-1"},"canonical":"https:\/\/nrv-radio.fr\/?page_id=66","og_locale":"fr_FR","og_type":"article","og_title":"Artistes rock - NRV RADIO","og_description":"D\u00e9couvrez tous les groupes et artistes rock en promotion et diffusion sur NRV radio depuis 2014 ! Des artistes locaux, r\u00e9gionaux, fran\u00e7ais et mondiaux !","og_url":"https:\/\/nrv-radio.fr\/?page_id=66","og_site_name":"NRV RADIO","article_publisher":"https:\/\/www.facebook.com\/NRV-Radio-1504915366423756","article_modified_time":"2025-12-22T09:53:12+00:00","twitter_card":"summary_large_image","twitter_misc":{"Dur\u00e9e de lecture estim\u00e9e":"2 minutes"},"schema":{"@context":"https:\/\/schema.org","@graph":[{"@type":"WebPage","@id":"https:\/\/nrv-radio.fr\/?page_id=66","url":"https:\/\/nrv-radio.fr\/?page_id=66","name":"Artistes rock - NRV RADIO","isPartOf":{"@id":"https:\/\/nrv-radio.fr\/#website"},"datePublished":"2020-04-08T12:32:09+00:00","dateModified":"2025-12-22T09:53:12+00:00","description":"D\u00e9couvrez tous les groupes et artistes rock en promotion et diffusion sur NRV radio depuis 2014 ! Des artistes locaux, r\u00e9gionaux, fran\u00e7ais et mondiaux !","breadcrumb":{"@id":"https:\/\/nrv-radio.fr\/?page_id=66#breadcrumb"},"inLanguage":"fr-FR","potentialAction":[{"@type":"ReadAction","target":["https:\/\/nrv-radio.fr\/?page_id=66"]}]},{"@type":"BreadcrumbList","@id":"https:\/\/nrv-radio.fr\/?page_id=66#breadcrumb","itemListElement":[{"@type":"ListItem","position":1,"name":"Accueil","item":"https:\/\/nrv-radio.fr\/"},{"@type":"ListItem","position":2,"name":"Artistes rock"}]},{"@type":"WebSite","@id":"https:\/\/nrv-radio.fr\/#website","url":"https:\/\/nrv-radio.fr\/","name":"NRV RADIO","description":"Le meilleur du son rock","potentialAction":[{"@type":"SearchAction","target":{"@type":"EntryPoint","urlTemplate":"https:\/\/nrv-radio.fr\/?s={search_term_string}"},"query-input":{"@type":"PropertyValueSpecification","valueRequired":true,"valueName":"search_term_string"}}],"inLanguage":"fr-FR"}]}},"_links":{"self":[{"href":"https:\/\/nrv-radio.fr\/index.php?rest_route=\/wp\/v2\/pages\/66","targetHints":{"allow":["GET"]}}],"collection":[{"href":"https:\/\/nrv-radio.fr\/index.php?rest_route=\/wp\/v2\/pages"}],"about":[{"href":"https:\/\/nrv-radio.fr\/index.php?rest_route=\/wp\/v2\/types\/page"}],"author":[{"embeddable":true,"href":"https:\/\/nrv-radio.fr\/index.php?rest_route=\/wp\/v2\/users\/1"}],"replies":[{"embeddable":true,"href":"https:\/\/nrv-radio.fr\/index.php?rest_route=%2Fwp%2Fv2%2Fcomments&post=66"}],"version-history":[{"count":98,"href":"https:\/\/nrv-radio.fr\/index.php?rest_route=\/wp\/v2\/pages\/66\/revisions"}],"predecessor-version":[{"id":3199,"href":"https:\/\/nrv-radio.fr\/index.php?rest_route=\/wp\/v2\/pages\/66\/revisions\/3199"}],"wp:attachment":[{"href":"https:\/\/nrv-radio.fr\/index.php?rest_route=%2Fwp%2Fv2%2Fmedia&parent=66"}],"curies":[{"name":"wp","href":"https:\/\/api.w.org\/{rel}","templated":true}]}}